{"id":6448,"date":"2023-10-24T09:46:01","date_gmt":"2023-10-24T09:46:01","guid":{"rendered":"https:\/\/heartpace.com\/?page_id=6448"},"modified":"2025-03-28T06:30:48","modified_gmt":"2025-03-28T06:30:48","slug":"gdpr","status":"publish","type":"page","link":"https:\/\/heartpace.com\/sv\/gdpr\/","title":{"rendered":"A_GDPR_SV"},"content":{"rendered":"[vc_row type=&#8221;full_width_background&#8221; full_screen_row_position=&#8221;middle&#8221; column_margin=&#8221;default&#8221; column_direction=&#8221;default&#8221; column_direction_tablet=&#8221;default&#8221; column_direction_phone=&#8221;default&#8221; bg_color=&#8221;#002d72&#8243; bg_image_phone=&#8221;4906&#8243; scene_position=&#8221;center&#8221; top_padding=&#8221;12%&#8221; bottom_padding=&#8221;4%&#8221; text_color=&#8221;light&#8221; text_align=&#8221;left&#8221; row_border_radius=&#8221;none&#8221; row_border_radius_applies=&#8221;bg&#8221; overflow=&#8221;visible&#8221; advanced_gradient_angle=&#8221;0&#8243; overlay_strength=&#8221;0.3&#8243; gradient_direction=&#8221;left_to_right&#8221; shape_divider_position=&#8221;bottom&#8221; bg_image_animation=&#8221;none&#8221; gradient_type=&#8221;default&#8221; shape_type=&#8221;&#8221;][vc_column column_padding=&#8221;no-extra-padding&#8221; column_padding_tablet=&#8221;inherit&#8221; column_padding_phone=&#8221;inherit&#8221; column_padding_position=&#8221;all&#8221; column_element_direction_desktop=&#8221;default&#8221; column_element_spacing=&#8221;default&#8221; desktop_text_alignment=&#8221;default&#8221; tablet_text_alignment=&#8221;default&#8221; phone_text_alignment=&#8221;default&#8221; background_color_opacity=&#8221;1&#8243; background_hover_color_opacity=&#8221;1&#8243; column_backdrop_filter=&#8221;none&#8221; column_shadow=&#8221;none&#8221; column_border_radius=&#8221;none&#8221; column_link_target=&#8221;_self&#8221; column_position=&#8221;default&#8221; gradient_direction=&#8221;left_to_right&#8221; overlay_strength=&#8221;0.3&#8243; width=&#8221;1\/1&#8243; tablet_width_inherit=&#8221;default&#8221; animation_type=&#8221;default&#8221; bg_image_animation=&#8221;none&#8221; border_type=&#8221;simple&#8221; column_border_width=&#8221;none&#8221; column_border_style=&#8221;solid&#8221;][vc_row_inner equal_height=&#8221;yes&#8221; content_placement=&#8221;middle&#8221; column_margin=&#8221;default&#8221; column_direction=&#8221;default&#8221; column_direction_tablet=&#8221;default&#8221; column_direction_phone=&#8221;default&#8221; text_align=&#8221;left&#8221; row_position=&#8221;default&#8221; row_position_tablet=&#8221;inherit&#8221; row_position_phone=&#8221;inherit&#8221; overflow=&#8221;visible&#8221; pointer_events=&#8221;all&#8221;][vc_column_inner column_padding=&#8221;no-extra-padding&#8221; column_padding_tablet=&#8221;inherit&#8221; column_padding_phone=&#8221;inherit&#8221; column_padding_position=&#8221;all&#8221; column_element_direction_desktop=&#8221;default&#8221; column_element_spacing=&#8221;default&#8221; desktop_text_alignment=&#8221;default&#8221; tablet_text_alignment=&#8221;default&#8221; phone_text_alignment=&#8221;default&#8221; background_color_opacity=&#8221;1&#8243; background_hover_color_opacity=&#8221;1&#8243; column_backdrop_filter=&#8221;none&#8221; column_shadow=&#8221;none&#8221; column_border_radius=&#8221;none&#8221; column_link_target=&#8221;_self&#8221; overflow=&#8221;visible&#8221; gradient_direction=&#8221;left_to_right&#8221; overlay_strength=&#8221;0.3&#8243; width=&#8221;1\/2&#8243; tablet_width_inherit=&#8221;default&#8221; animation_type=&#8221;default&#8221; bg_image_animation=&#8221;none&#8221; border_type=&#8221;simple&#8221; column_border_width=&#8221;none&#8221; column_border_style=&#8221;solid&#8221;][vc_column_text]\n<h1>Heartpace and GDPR &#8211;<br \/>\nGeneral Data Protection Regulation<\/h1>\n[\/vc_column_text][\/vc_column_inner][vc_column_inner column_padding=&#8221;no-extra-padding&#8221; column_padding_tablet=&#8221;inherit&#8221; column_padding_phone=&#8221;inherit&#8221; column_padding_position=&#8221;all&#8221; column_element_direction_desktop=&#8221;default&#8221; column_element_spacing=&#8221;default&#8221; centered_text=&#8221;true&#8221; desktop_text_alignment=&#8221;default&#8221; tablet_text_alignment=&#8221;default&#8221; phone_text_alignment=&#8221;default&#8221; background_color_opacity=&#8221;1&#8243; background_hover_color_opacity=&#8221;1&#8243; column_backdrop_filter=&#8221;none&#8221; column_shadow=&#8221;none&#8221; column_border_radius=&#8221;none&#8221; column_link_target=&#8221;_self&#8221; overflow=&#8221;visible&#8221; gradient_direction=&#8221;left_to_right&#8221; overlay_strength=&#8221;0.3&#8243; width=&#8221;1\/2&#8243; tablet_width_inherit=&#8221;default&#8221; animation_type=&#8221;default&#8221; bg_image_animation=&#8221;none&#8221; border_type=&#8221;simple&#8221; column_border_width=&#8221;none&#8221; column_border_style=&#8221;solid&#8221; column_padding_type=&#8221;default&#8221; gradient_type=&#8221;default&#8221;][image_with_animation image_url=&#8221;13190&#8243; image_size=&#8221;full&#8221; animation_type=&#8221;entrance&#8221; animation=&#8221;None&#8221; animation_movement_type=&#8221;transform_y&#8221; hover_animation=&#8221;none&#8221; alignment=&#8221;&#8221; border_radius=&#8221;none&#8221; box_shadow=&#8221;none&#8221; image_loading=&#8221;default&#8221; max_width=&#8221;100%&#8221; max_width_mobile=&#8221;default&#8221;][\/vc_column_inner][\/vc_row_inner][\/vc_column][\/vc_row][vc_row type=&#8221;in_container&#8221; full_screen_row_position=&#8221;middle&#8221; column_margin=&#8221;default&#8221; column_direction=&#8221;default&#8221; column_direction_tablet=&#8221;default&#8221; column_direction_phone=&#8221;default&#8221; scene_position=&#8221;center&#8221; text_color=&#8221;dark&#8221; text_align=&#8221;left&#8221; row_border_radius=&#8221;none&#8221; row_border_radius_applies=&#8221;bg&#8221; overflow=&#8221;visible&#8221; overlay_strength=&#8221;0.3&#8243; gradient_direction=&#8221;left_to_right&#8221; shape_divider_position=&#8221;bottom&#8221; bg_image_animation=&#8221;none&#8221;][vc_column column_padding=&#8221;padding-5-percent&#8221; column_padding_tablet=&#8221;inherit&#8221; column_padding_phone=&#8221;inherit&#8221; column_padding_position=&#8221;all&#8221; top_margin=&#8221;20&#8243; bottom_margin=&#8221;20&#8243; column_element_direction_desktop=&#8221;default&#8221; column_element_spacing=&#8221;default&#8221; desktop_text_alignment=&#8221;default&#8221; tablet_text_alignment=&#8221;default&#8221; phone_text_alignment=&#8221;default&#8221; background_color_opacity=&#8221;1&#8243; background_hover_color_opacity=&#8221;1&#8243; column_backdrop_filter=&#8221;none&#8221; column_shadow=&#8221;none&#8221; column_border_radius=&#8221;none&#8221; column_link_target=&#8221;_self&#8221; column_position=&#8221;default&#8221; gradient_direction=&#8221;left_to_right&#8221; overlay_strength=&#8221;0.3&#8243; width=&#8221;1\/1&#8243; tablet_width_inherit=&#8221;default&#8221; animation_type=&#8221;default&#8221; bg_image_animation=&#8221;none&#8221; border_type=&#8221;simple&#8221; column_border_width=&#8221;none&#8221; column_border_style=&#8221;solid&#8221; column_padding_type=&#8221;default&#8221; gradient_type=&#8221;default&#8221;][vc_column_text css=&#8221;.vc_custom_1698140507659{padding-top: 20px !important;}&#8221;]\n<h4>Det h\u00e4r handlar GDPR om<\/h4>\n<p>Lagstiftningen handlar om personlig integritet och individens r\u00e4tt till att b\u00e5de f\u00e5 reda p\u00e5 vilken information som finns lagrad, var den \u00e4r lagrad och ocks\u00e5 r\u00e4tten att f\u00e5 den raderad. GDPR reglerar i vilken utstr\u00e4ckning som verksamheter har r\u00e4tt att beg\u00e4ra och lagra personinformation och syns\u00e4ttet \u00e4r generellt restriktivt. Ett speciellt avsnitt finns nedtecknat kring persondata inom arbetsr\u00e4tten och h\u00e4r g\u00e4ller grundregeln att data endast f\u00e5r lagras om det handlar om relevans f\u00f6r att driva verksamheten.[\/vc_column_text][vc_column_text css=&#8221;.vc_custom_1698140528795{padding-top: 20px !important;}&#8221;]\n<h4>De h\u00e4r omfattas av lagstiftningen<\/h4>\n<p>Lagstiftningen omfattar alla former av persondata. I relationen med Heartpace omfattar lagstiftningen s\u00e5dant som sker i n\u00e4stan alla verksamheter, d v s hantering av olika typer av medarbetarsamtal som lagras t ex l\u00f6nesamtal, utv\u00e4rderingar och kompetensdata. Lagen inneb\u00e4r ett betydligt striktare syns\u00e4tt f\u00f6rknippat med substantiella b\u00f6tesbelopp om man bryter mot lagen. Ansvaret f\u00f6r efterlevnad vilar p\u00e5 styrelse och VD och g\u00e5r inte att delegera![\/vc_column_text][vc_column_text css=&#8221;.vc_custom_1698140553297{padding-top: 20px !important;}&#8221;]\n<h4>Rollerna &#8211; de som hanterar data<\/h4>\n<p>Den som arbetar med datan kallas f\u00f6r Personuppgiftsansvarig och om den data man arbetar med f\u00f6rvaras hos en annan part, t ex p\u00e5 ett webbhotell, extern serverleverant\u00f6r, i en molntj\u00e4nst kallas den parten f\u00f6r Personuppgiftsbitr\u00e4de. I relationen med v\u00e5ra kunder \u00e4r kunden Personuppgiftsansvarig och Heartpace Personuppgiftsbitr\u00e4de.<br \/>\nEtt avtal m\u00e5ste tecknas som reglerar samarbetet mellan en Personuppgiftsansvarig och ett Personuppgiftsbitr\u00e4de vilket alltid sker n\u00e4r ett konto skapas i Heartpace. Det \u00e4r av stor vikt att man arbetar med ett Personuppgiftsbitr\u00e4de som uppfyller lagstiftningen med r\u00e4tt krypteringsniv\u00e5, s\u00e4kerhet f\u00f6r inloggning och f\u00f6rvaring men ocks\u00e5 att all data f\u00f6rvaras inom EU. H\u00e4r \u00e4r det bra att veta att Heartpace uppfyller alla s\u00e4kerhetskrav och att all lagring sker i enlighet med lagstiftningen.[\/vc_column_text][vc_column_text css=&#8221;.vc_custom_1698140621576{padding-top: 20px !important;}&#8221;]\n<h4>D\u00e4rf\u00f6r beh\u00f6vs s\u00e4kra systemst\u00f6d f\u00f6r processer<\/h4>\n<p>Processer som idag sker med Word och Excel b\u00f6r du ta dig en ordentlig fundering kring. Att uppr\u00e4tth\u00e5lla lagstiftningen \u00e4r mycket sv\u00e5rt utan o\u00f6verstigliga arbetsinsatser. Inte heller g\u00e5r det att ducka med h\u00e4nvisning till att man g\u00f6r sina processer i \u2018pappersformat\u2019 eftersom lagstiftningen \u00e4ven omfattar s\u00e5dant som f\u00f6rvaras i l\u00e5dor och kabinetter. Lagstiftningen kr\u00e4ver dels att all data ska f\u00f6rvaras s\u00e4kert och ocks\u00e5 att man ska kunna f\u00f6rklara och visa p\u00e5 hur processen f\u00f6r insamling, f\u00f6rvaring och \u00e4ven radering fungerar. Det \u00e4r sv\u00e5rt, om inte om\u00f6jligt, att leva upp till lagstiftningen n\u00e4r dokument f\u00f6rvaras i olika mappar, p\u00e5 olika datorer, i l\u00e5dor, mailboxar och p\u00e5 andra platser vilket \u00e4r vanligt. Om du har en s\u00e5dan process \u00e4r det av stor vikt att b\u00f6rja agera. Lagstiftningen kr\u00e4ver att IT \u00e4r byggt p\u00e5 principen \u201dPrivacy by design\u201d f\u00f6r att uppfylla lagkravet. \u00c4ven h\u00e4r uppfyller Heartpace villkoren f\u00f6r direktivet och medger ocks\u00e5 s\u00e4kra processer.<br \/>\nDet \u00e4r viktigt f\u00f6r oss p\u00e5 Heartpace att du k\u00e4nner dig trygg med hur vi hanterar dina personuppgifter. V\u00e5rt m\u00e5l \u00e4r att skapa en s\u00e5 bra upplevelse som m\u00f6jligt f\u00f6r dig som \u00e4r anv\u00e4ndare i Heartpace. Du \u00e4r alltid v\u00e4lkommen att kontakta oss om du har fr\u00e5gor kring GDRP. Du kan ocks\u00e5 kontakta den DPO, Data Protection Officer, i din organisation. En s\u00e5dan finns alltid utsedd och registrerad i verktyget i samarbete med Heartpace. Du hittar kontaktuppgifter under dina inst\u00e4llningar i verktyget.<\/p>\n<p>Om du vill kan du ta del av dataskyddsf\u00f6rordningen i sin helhet \u2013 <a href=\"http:\/\/eur-lex.europa.eu\/legal-content\/SV\/TXT\/PDF\/?uri=CELEX:32016R0679&amp;rid=1\">klicka h\u00e4r<\/a>! och vill du l\u00e4sa mer om dina skyldigheter som <a href=\"http:\/\/www.datainspektionen.se\/\">Personuppgiftsansvarig s\u00e5 l\u00e4s mer h\u00e4r.<\/a>[\/vc_column_text][\/vc_column][\/vc_row][vc_row type=&#8221;full_width_content&#8221; full_screen_row_position=&#8221;middle&#8221; column_margin=&#8221;default&#8221; equal_height=&#8221;yes&#8221; content_placement=&#8221;middle&#8221; column_direction=&#8221;default&#8221; column_direction_tablet=&#8221;default&#8221; column_direction_phone=&#8221;column_reverse&#8221; bg_color=&#8221;#f3f0f0&#8243; scene_position=&#8221;center&#8221; top_padding_phone=&#8221;70px&#8221; text_color=&#8221;dark&#8221; text_align=&#8221;left&#8221; row_border_radius=&#8221;none&#8221; row_border_radius_applies=&#8221;bg&#8221; overflow=&#8221;visible&#8221; advanced_gradient_angle=&#8221;0&#8243; overlay_strength=&#8221;0.3&#8243; gradient_direction=&#8221;left_to_right&#8221; shape_divider_position=&#8221;bottom&#8221; bg_image_animation=&#8221;none&#8221; gradient_type=&#8221;default&#8221; shape_type=&#8221;&#8221;][vc_column column_padding=&#8221;no-extra-padding&#8221; column_padding_tablet=&#8221;inherit&#8221; column_padding_phone=&#8221;inherit&#8221; column_padding_position=&#8221;all&#8221; column_element_direction_desktop=&#8221;default&#8221; column_element_spacing=&#8221;default&#8221; desktop_text_alignment=&#8221;default&#8221; tablet_text_alignment=&#8221;default&#8221; phone_text_alignment=&#8221;default&#8221; background_color_opacity=&#8221;1&#8243; background_hover_color_opacity=&#8221;1&#8243; column_backdrop_filter=&#8221;none&#8221; column_shadow=&#8221;none&#8221; column_border_radius=&#8221;none&#8221; column_link_target=&#8221;_self&#8221; column_position=&#8221;default&#8221; gradient_direction=&#8221;left_to_right&#8221; overlay_strength=&#8221;0.3&#8243; width=&#8221;1\/2&#8243; tablet_width_inherit=&#8221;default&#8221; animation_type=&#8221;default&#8221; bg_image_animation=&#8221;none&#8221; border_type=&#8221;simple&#8221; column_border_width=&#8221;none&#8221; column_border_style=&#8221;solid&#8221;][image_with_animation image_url=&#8221;2051&#8243; image_size=&#8221;full&#8221; animation_type=&#8221;entrance&#8221; animation=&#8221;None&#8221; animation_movement_type=&#8221;transform_y&#8221; hover_animation=&#8221;none&#8221; alignment=&#8221;&#8221; border_radius=&#8221;none&#8221; box_shadow=&#8221;none&#8221; image_loading=&#8221;default&#8221; max_width=&#8221;100%&#8221; max_width_mobile=&#8221;default&#8221;][\/vc_column][vc_column column_padding=&#8221;padding-4-percent&#8221; column_padding_tablet=&#8221;inherit&#8221; column_padding_phone=&#8221;padding-5-percent&#8221; column_padding_position=&#8221;all&#8221; column_element_direction_desktop=&#8221;default&#8221; column_element_spacing=&#8221;default&#8221; desktop_text_alignment=&#8221;default&#8221; tablet_text_alignment=&#8221;default&#8221; phone_text_alignment=&#8221;default&#8221; background_color_opacity=&#8221;1&#8243; background_hover_color_opacity=&#8221;1&#8243; column_backdrop_filter=&#8221;none&#8221; column_shadow=&#8221;none&#8221; column_border_radius=&#8221;none&#8221; column_link_target=&#8221;_self&#8221; column_position=&#8221;default&#8221; advanced_gradient_angle=&#8221;0&#8243; gradient_direction=&#8221;left_to_right&#8221; overlay_strength=&#8221;0.3&#8243; width=&#8221;1\/2&#8243; tablet_width_inherit=&#8221;default&#8221; animation_type=&#8221;default&#8221; bg_image_animation=&#8221;none&#8221; border_type=&#8221;simple&#8221; column_border_width=&#8221;none&#8221; column_border_style=&#8221;solid&#8221; gradient_type=&#8221;default&#8221;][vc_column_text]\n<h3>Har du fr\u00e5gor?<\/h3>\n[\/vc_column_text][vc_column_text]Om du har n\u00e5gra fr\u00e5gor, tveka inte att h\u00f6ra av dig[\/vc_column_text][vc_column_text]<a class=\"prhp-secondary-btn\" href=\"\/sv\/contact-us\/\" alt=\"Button\"> \r\n\t<div class=\"prhp-btn-wrap\">\r\n\t\t<div class=\"prhp-btn-text\">Kontakta oss<\/div>\r\n\t\t<div class=\"prhp-btn-icon\">\r\n\t\t\t<svg width=\"70\" height=\"28\" viewBox=\"0 0 70 28\" fill=\"none\" xmlns=\"http:\/\/www.w3.org\/2000\/svg\">\r\n\t\t\t\t<g id=\"Icons \/ Arrow \/ Long_right\">\r\n\t\t\t\t<path id=\"Union\" fill-rule=\"evenodd\" clip-rule=\"evenodd\" d=\"M64.8536 9.14645C64.6583 8.95118 64.3417 8.95118 64.1464 9.14645C63.9512 9.34171 63.9512 9.65829 64.1464 9.85355L67.2929 13H1.5C1.22386 13 1 13.2239 1 13.5C1 13.7761 1.22386 14 1.5 14H67.2929L64.1464 17.1464C63.9512 17.3417 63.9512 17.6583 64.1464 17.8536C64.3417 18.0488 64.6583 18.0488 64.8536 17.8536L68.8536 13.8536C69.0488 13.6583 69.0488 13.3417 68.8536 13.1464L64.8536 9.14645Z\" fill=\"#203040\"\/>\r\n\t\t\t\t<\/g>\r\n\t\t\t<\/svg>\r\n\t\t<\/div>\r\n\t<\/div>\r\n<\/a>[\/vc_column_text][\/vc_column][\/vc_row]\n","protected":false},"excerpt":{"rendered":"<p>[vc_row type=&#8221;full_width_background&#8221; full_screen_row_position=&#8221;middle&#8221; column_margin=&#8221;default&#8221; column_direction=&#8221;default&#8221; column_direction_tablet=&#8221;default&#8221; column_direction_phone=&#8221;default&#8221; bg_color=&#8221;#002d72&#8243; bg_image_phone=&#8221;4906&#8243; scene_position=&#8221;center&#8221; top_padding=&#8221;12%&#8221; bottom_padding=&#8221;4%&#8221; text_color=&#8221;light&#8221; text_align=&#8221;left&#8221; row_border_radius=&#8221;none&#8221; row_border_radius_applies=&#8221;bg&#8221; overflow=&#8221;visible&#8221; advanced_gradient_angle=&#8221;0&#8243; overlay_strength=&#8221;0.3&#8243; gradient_direction=&#8221;left_to_right&#8221; shape_divider_position=&#8221;bottom&#8221; bg_image_animation=&#8221;none&#8221; gradient_type=&#8221;default&#8221; shape_type=&#8221;&#8221;][vc_column column_padding=&#8221;no-extra-padding&#8221; column_padding_tablet=&#8221;inherit&#8221; column_padding_phone=&#8221;inherit&#8221; column_padding_position=&#8221;all&#8221; column_element_direction_desktop=&#8221;default&#8221; column_element_spacing=&#8221;default&#8221;&#8230;<\/p>\n","protected":false},"author":1,"featured_media":12223,"parent":0,"menu_order":0,"comment_status":"closed","ping_status":"closed","template":"","meta":{"inline_featured_image":false,"footnotes":""},"class_list":["post-6448","page","type-page","status-publish","has-post-thumbnail"],"_wp_attachment_metadata":null,"_yoast_wpseo_meta-robots-noindex":null,"_yoast_wpseo_meta-robots-nofollow":null,"Language":null,"Lang":null,"_yoast_wpseo_title":"Heartpace och GDPR - General Data Protection Regulation","_yoast_wpseo_metadesc":"F\u00f6rst\u00e5 GDPR och din dataskyddsr\u00e4tt p\u00e5 Heartpace. L\u00e4r dig mer om hur vi skyddar din integritet och f\u00f6ljer europeisk lagstiftning om dataskydd.","yoast_head":"<!-- This site is optimized with the Yoast SEO plugin v26.1.1 - https:\/\/yoast.com\/wordpress\/plugins\/seo\/ -->\n<title>Heartpace och GDPR - General Data Protection Regulation<\/title>\n<meta name=\"description\" content=\"F\u00f6rst\u00e5 GDPR och din dataskyddsr\u00e4tt p\u00e5 Heartpace. L\u00e4r dig mer om hur vi skyddar din integritet och f\u00f6ljer europeisk lagstiftning om dataskydd.\" \/>\n<meta name=\"robots\" content=\"index, follow, max-snippet:-1, max-image-preview:large, max-video-preview:-1\" \/>\n<link rel=\"canonical\" href=\"https:\/\/heartpace.com\/sv\/gdpr\/\" \/>\n<meta property=\"og:locale\" content=\"sv_SE\" \/>\n<meta property=\"og:type\" content=\"article\" \/>\n<meta property=\"og:title\" content=\"Heartpace och GDPR - General Data Protection Regulation\" \/>\n<meta property=\"og:description\" content=\"F\u00f6rst\u00e5 GDPR och din dataskyddsr\u00e4tt p\u00e5 Heartpace. L\u00e4r dig mer om hur vi skyddar din integritet och f\u00f6ljer europeisk lagstiftning om dataskydd.\" \/>\n<meta property=\"og:url\" content=\"https:\/\/heartpace.com\/sv\/gdpr\/\" \/>\n<meta property=\"og:site_name\" content=\"Heartpace\" \/>\n<meta property=\"article:modified_time\" content=\"2025-03-28T06:30:48+00:00\" \/>\n<meta property=\"og:image\" content=\"https:\/\/heartpace.com\/wp-content\/uploads\/2025\/02\/featured.png\" \/>\n\t<meta property=\"og:image:width\" content=\"1800\" \/>\n\t<meta property=\"og:image:height\" content=\"900\" \/>\n\t<meta property=\"og:image:type\" content=\"image\/png\" \/>\n<meta name=\"twitter:card\" content=\"summary_large_image\" \/>\n<meta name=\"twitter:label1\" content=\"Ber\u00e4knad l\u00e4stid\" \/>\n\t<meta name=\"twitter:data1\" content=\"5 minuter\" \/>\n<script type=\"application\/ld+json\" class=\"yoast-schema-graph\">{\"@context\":\"https:\/\/schema.org\",\"@graph\":[{\"@type\":\"WebPage\",\"@id\":\"https:\/\/heartpace.com\/sv\/gdpr\/\",\"url\":\"https:\/\/heartpace.com\/sv\/gdpr\/\",\"name\":\"Heartpace och GDPR - General Data Protection Regulation\",\"isPartOf\":{\"@id\":\"https:\/\/promo.heartpace.com\/sv\/#website\"},\"primaryImageOfPage\":{\"@id\":\"https:\/\/heartpace.com\/sv\/gdpr\/#primaryimage\"},\"image\":{\"@id\":\"https:\/\/heartpace.com\/sv\/gdpr\/#primaryimage\"},\"thumbnailUrl\":\"https:\/\/heartpace.com\/wp-content\/uploads\/2025\/02\/featured.png\",\"datePublished\":\"2023-10-24T09:46:01+00:00\",\"dateModified\":\"2025-03-28T06:30:48+00:00\",\"description\":\"F\u00f6rst\u00e5 GDPR och din dataskyddsr\u00e4tt p\u00e5 Heartpace. L\u00e4r dig mer om hur vi skyddar din integritet och f\u00f6ljer europeisk lagstiftning om dataskydd.\",\"breadcrumb\":{\"@id\":\"https:\/\/heartpace.com\/sv\/gdpr\/#breadcrumb\"},\"inLanguage\":\"sv-SE\",\"potentialAction\":[{\"@type\":\"ReadAction\",\"target\":[\"https:\/\/heartpace.com\/sv\/gdpr\/\"]}]},{\"@type\":\"ImageObject\",\"inLanguage\":\"sv-SE\",\"@id\":\"https:\/\/heartpace.com\/sv\/gdpr\/#primaryimage\",\"url\":\"https:\/\/heartpace.com\/wp-content\/uploads\/2025\/02\/featured.png\",\"contentUrl\":\"https:\/\/heartpace.com\/wp-content\/uploads\/2025\/02\/featured.png\",\"width\":1800,\"height\":900},{\"@type\":\"BreadcrumbList\",\"@id\":\"https:\/\/heartpace.com\/sv\/gdpr\/#breadcrumb\",\"itemListElement\":[{\"@type\":\"ListItem\",\"position\":1,\"name\":\"Home\",\"item\":\"https:\/\/heartpace.com\/sv\/\"},{\"@type\":\"ListItem\",\"position\":2,\"name\":\"A_GDPR_SV\"}]},{\"@type\":\"WebSite\",\"@id\":\"https:\/\/promo.heartpace.com\/sv\/#website\",\"url\":\"https:\/\/promo.heartpace.com\/sv\/\",\"name\":\"Heartpace\",\"description\":\"\",\"potentialAction\":[{\"@type\":\"SearchAction\",\"target\":{\"@type\":\"EntryPoint\",\"urlTemplate\":\"https:\/\/promo.heartpace.com\/sv\/?s={search_term_string}\"},\"query-input\":{\"@type\":\"PropertyValueSpecification\",\"valueRequired\":true,\"valueName\":\"search_term_string\"}}],\"inLanguage\":\"sv-SE\"}]}<\/script>\n<!-- \/ Yoast SEO plugin. -->","yoast_head_json":{"title":"Heartpace och GDPR - General Data Protection Regulation","description":"F\u00f6rst\u00e5 GDPR och din dataskyddsr\u00e4tt p\u00e5 Heartpace. L\u00e4r dig mer om hur vi skyddar din integritet och f\u00f6ljer europeisk lagstiftning om dataskydd.","robots":{"index":"index","follow":"follow","max-snippet":"max-snippet:-1","max-image-preview":"max-image-preview:large","max-video-preview":"max-video-preview:-1"},"canonical":"https:\/\/heartpace.com\/sv\/gdpr\/","og_locale":"sv_SE","og_type":"article","og_title":"Heartpace och GDPR - General Data Protection Regulation","og_description":"F\u00f6rst\u00e5 GDPR och din dataskyddsr\u00e4tt p\u00e5 Heartpace. L\u00e4r dig mer om hur vi skyddar din integritet och f\u00f6ljer europeisk lagstiftning om dataskydd.","og_url":"https:\/\/heartpace.com\/sv\/gdpr\/","og_site_name":"Heartpace","article_modified_time":"2025-03-28T06:30:48+00:00","og_image":[{"width":1800,"height":900,"url":"https:\/\/heartpace.com\/wp-content\/uploads\/2025\/02\/featured.png","type":"image\/png"}],"twitter_card":"summary_large_image","twitter_misc":{"Ber\u00e4knad l\u00e4stid":"5 minuter"},"schema":{"@context":"https:\/\/schema.org","@graph":[{"@type":"WebPage","@id":"https:\/\/heartpace.com\/sv\/gdpr\/","url":"https:\/\/heartpace.com\/sv\/gdpr\/","name":"Heartpace och GDPR - General Data Protection Regulation","isPartOf":{"@id":"https:\/\/promo.heartpace.com\/sv\/#website"},"primaryImageOfPage":{"@id":"https:\/\/heartpace.com\/sv\/gdpr\/#primaryimage"},"image":{"@id":"https:\/\/heartpace.com\/sv\/gdpr\/#primaryimage"},"thumbnailUrl":"https:\/\/heartpace.com\/wp-content\/uploads\/2025\/02\/featured.png","datePublished":"2023-10-24T09:46:01+00:00","dateModified":"2025-03-28T06:30:48+00:00","description":"F\u00f6rst\u00e5 GDPR och din dataskyddsr\u00e4tt p\u00e5 Heartpace. L\u00e4r dig mer om hur vi skyddar din integritet och f\u00f6ljer europeisk lagstiftning om dataskydd.","breadcrumb":{"@id":"https:\/\/heartpace.com\/sv\/gdpr\/#breadcrumb"},"inLanguage":"sv-SE","potentialAction":[{"@type":"ReadAction","target":["https:\/\/heartpace.com\/sv\/gdpr\/"]}]},{"@type":"ImageObject","inLanguage":"sv-SE","@id":"https:\/\/heartpace.com\/sv\/gdpr\/#primaryimage","url":"https:\/\/heartpace.com\/wp-content\/uploads\/2025\/02\/featured.png","contentUrl":"https:\/\/heartpace.com\/wp-content\/uploads\/2025\/02\/featured.png","width":1800,"height":900},{"@type":"BreadcrumbList","@id":"https:\/\/heartpace.com\/sv\/gdpr\/#breadcrumb","itemListElement":[{"@type":"ListItem","position":1,"name":"Home","item":"https:\/\/heartpace.com\/sv\/"},{"@type":"ListItem","position":2,"name":"A_GDPR_SV"}]},{"@type":"WebSite","@id":"https:\/\/promo.heartpace.com\/sv\/#website","url":"https:\/\/promo.heartpace.com\/sv\/","name":"Heartpace","description":"","potentialAction":[{"@type":"SearchAction","target":{"@type":"EntryPoint","urlTemplate":"https:\/\/promo.heartpace.com\/sv\/?s={search_term_string}"},"query-input":{"@type":"PropertyValueSpecification","valueRequired":true,"valueName":"search_term_string"}}],"inLanguage":"sv-SE"}]}},"_links":{"self":[{"href":"https:\/\/heartpace.com\/sv\/wp-json\/wp\/v2\/pages\/6448","targetHints":{"allow":["GET"]}}],"collection":[{"href":"https:\/\/heartpace.com\/sv\/wp-json\/wp\/v2\/pages"}],"about":[{"href":"https:\/\/heartpace.com\/sv\/wp-json\/wp\/v2\/types\/page"}],"author":[{"embeddable":true,"href":"https:\/\/heartpace.com\/sv\/wp-json\/wp\/v2\/users\/1"}],"replies":[{"embeddable":true,"href":"https:\/\/heartpace.com\/sv\/wp-json\/wp\/v2\/comments?post=6448"}],"version-history":[{"count":0,"href":"https:\/\/heartpace.com\/sv\/wp-json\/wp\/v2\/pages\/6448\/revisions"}],"wp:featuredmedia":[{"embeddable":true,"href":"https:\/\/heartpace.com\/sv\/wp-json\/wp\/v2\/media\/12223"}],"wp:attachment":[{"href":"https:\/\/heartpace.com\/sv\/wp-json\/wp\/v2\/media?parent=6448"}],"curies":[{"name":"wp","href":"https:\/\/api.w.org\/{rel}","templated":true}]}}