{"id":6250,"date":"2023-10-18T10:02:30","date_gmt":"2023-10-18T10:02:30","guid":{"rendered":"https:\/\/promo.heartpace.com\/?page_id=6250"},"modified":"2026-03-10T12:48:33","modified_gmt":"2026-03-10T12:48:33","slug":"webinar","status":"publish","type":"page","link":"https:\/\/heartpace.com\/sv\/webinar\/","title":{"rendered":"A_Webinar_SV_Heartpace"},"content":{"rendered":"[vc_row type=&#8221;full_width_background&#8221; full_screen_row_position=&#8221;middle&#8221; column_margin=&#8221;default&#8221; column_direction=&#8221;default&#8221; column_direction_tablet=&#8221;default&#8221; column_direction_phone=&#8221;default&#8221; bg_color=&#8221;#002d72&#8243; scene_position=&#8221;center&#8221; top_padding=&#8221;10%&#8221; constrain_group_1=&#8221;yes&#8221; bottom_padding=&#8221;10%&#8221; text_color=&#8221;light&#8221; text_align=&#8221;left&#8221; row_border_radius=&#8221;none&#8221; row_border_radius_applies=&#8221;bg&#8221; overflow=&#8221;visible&#8221; advanced_gradient_angle=&#8221;0&#8243; overlay_strength=&#8221;0.3&#8243; gradient_direction=&#8221;left_to_right&#8221; shape_divider_position=&#8221;bottom&#8221; bg_image_animation=&#8221;none&#8221; gradient_type=&#8221;default&#8221; shape_type=&#8221;&#8221;][vc_column column_padding=&#8221;no-extra-padding&#8221; column_padding_tablet=&#8221;inherit&#8221; column_padding_phone=&#8221;inherit&#8221; column_padding_position=&#8221;all&#8221; column_element_direction_desktop=&#8221;default&#8221; column_element_spacing=&#8221;default&#8221; desktop_text_alignment=&#8221;default&#8221; tablet_text_alignment=&#8221;default&#8221; phone_text_alignment=&#8221;default&#8221; background_color_opacity=&#8221;1&#8243; background_hover_color_opacity=&#8221;1&#8243; column_backdrop_filter=&#8221;none&#8221; column_shadow=&#8221;none&#8221; column_border_radius=&#8221;none&#8221; column_link_target=&#8221;_self&#8221; column_position=&#8221;default&#8221; gradient_direction=&#8221;left_to_right&#8221; overlay_strength=&#8221;0.3&#8243; width=&#8221;1\/1&#8243; tablet_width_inherit=&#8221;default&#8221; animation_type=&#8221;default&#8221; bg_image_animation=&#8221;none&#8221; border_type=&#8221;simple&#8221; column_border_width=&#8221;none&#8221; column_border_style=&#8221;solid&#8221;][vc_row_inner column_margin=&#8221;default&#8221; column_direction=&#8221;default&#8221; column_direction_tablet=&#8221;default&#8221; column_direction_phone=&#8221;default&#8221; text_align=&#8221;center&#8221; row_position=&#8221;default&#8221; row_position_tablet=&#8221;inherit&#8221; row_position_phone=&#8221;inherit&#8221; overflow=&#8221;visible&#8221; pointer_events=&#8221;all&#8221;][vc_column_inner column_padding=&#8221;no-extra-padding&#8221; column_padding_tablet=&#8221;inherit&#8221; column_padding_phone=&#8221;inherit&#8221; column_padding_position=&#8221;all&#8221; column_element_direction_desktop=&#8221;default&#8221; column_element_spacing=&#8221;default&#8221; desktop_text_alignment=&#8221;default&#8221; tablet_text_alignment=&#8221;default&#8221; phone_text_alignment=&#8221;default&#8221; background_color_opacity=&#8221;1&#8243; background_hover_color_opacity=&#8221;1&#8243; column_backdrop_filter=&#8221;none&#8221; column_shadow=&#8221;none&#8221; column_border_radius=&#8221;none&#8221; column_link_target=&#8221;_self&#8221; overflow=&#8221;visible&#8221; gradient_direction=&#8221;left_to_right&#8221; overlay_strength=&#8221;0.3&#8243; width=&#8221;1\/1&#8243; tablet_width_inherit=&#8221;default&#8221; animation_type=&#8221;default&#8221; bg_image_animation=&#8221;none&#8221; border_type=&#8221;simple&#8221; column_border_width=&#8221;none&#8221; column_border_style=&#8221;solid&#8221;][vc_column_text css=&#8221;&#8221; text_direction=&#8221;default&#8221;]\n<h1>Heartpace HR Studio \u2013<\/h1>\n<h1>D\u00e4r expertis m\u00f6ter genuint engagemang<\/h1>\n[\/vc_column_text][vc_column_text css=&#8221;&#8221; max_width=&#8221;600&#8243; text_direction=&#8221;default&#8221;]I Heartpace HR Studio kombinerar vi h\u00f6g kompetens med ett genuint engagemang f\u00f6r att lyfta ert aff\u00e4rsdrivna HR-arbete. Vi kombinerar kvalitativ r\u00e5dgivning och konsultst\u00f6d med \u00f6ppna utbildningar, event och webinars inom l\u00f6n och kompensationsfr\u00e5gor,\u00a0 l\u00f6netransparens, CSRD, HR-nyckeltal, People Analytics och h\u00e4lsoekonomi.[\/vc_column_text][\/vc_column_inner][\/vc_row_inner][\/vc_column][\/vc_row][vc_row type=&#8221;full_width_content&#8221; full_screen_row_position=&#8221;middle&#8221; column_margin=&#8221;default&#8221; equal_height=&#8221;yes&#8221; column_direction=&#8221;default&#8221; column_direction_tablet=&#8221;default&#8221; column_direction_phone=&#8221;default&#8221; scene_position=&#8221;center&#8221; top_padding=&#8221;40px&#8221; bottom_padding=&#8221;2%&#8221; text_color=&#8221;dark&#8221; text_align=&#8221;left&#8221; row_border_radius=&#8221;none&#8221; row_border_radius_applies=&#8221;bg&#8221; overflow=&#8221;visible&#8221; overlay_strength=&#8221;0.3&#8243; gradient_direction=&#8221;left_to_right&#8221; shape_divider_position=&#8221;bottom&#8221; bg_image_animation=&#8221;none&#8221; shape_type=&#8221;&#8221; gradient_type=&#8221;default&#8221;][vc_column column_padding=&#8221;no-extra-padding&#8221; column_padding_tablet=&#8221;inherit&#8221; column_padding_phone=&#8221;inherit&#8221; column_padding_position=&#8221;all&#8221; column_element_direction_desktop=&#8221;default&#8221; column_element_spacing=&#8221;default&#8221; desktop_text_alignment=&#8221;default&#8221; tablet_text_alignment=&#8221;default&#8221; phone_text_alignment=&#8221;default&#8221; background_color_opacity=&#8221;1&#8243; background_hover_color_opacity=&#8221;1&#8243; column_backdrop_filter=&#8221;none&#8221; column_shadow=&#8221;none&#8221; column_border_radius=&#8221;none&#8221; column_link_target=&#8221;_self&#8221; column_position=&#8221;default&#8221; gradient_direction=&#8221;left_to_right&#8221; overlay_strength=&#8221;0.3&#8243; width=&#8221;1\/1&#8243; tablet_width_inherit=&#8221;default&#8221; animation_type=&#8221;default&#8221; bg_image_animation=&#8221;none&#8221; border_type=&#8221;simple&#8221; column_border_width=&#8221;none&#8221; column_border_style=&#8221;solid&#8221;][nectar_post_grid post_type=&#8221;post&#8221; blog_category=&#8221;kommande-evenemang,webinar&#8221; order=&#8221;DESC&#8221; orderby=&#8221;date&#8221; pagination=&#8221;load-more&#8221; button_color=&#8221;accent-color&#8221; columns=&#8221;3&#8243; columns_tablet=&#8221;default&#8221; columns_phone=&#8221;default&#8221; grid_item_spacing=&#8221;15px&#8221; grid_item_height=&#8221;40vh&#8221; 3_col_masonry_layout=&#8221;default&#8221; image_size=&#8221;full&#8221; aspect_ratio_image_size=&#8221;yes&#8221; custom_image_aspect_ratio=&#8221;16-9&#8243; image_loading=&#8221;lazy-load&#8221; animation=&#8221;fade-in-from-bottom&#8221; animation_stagger=&#8221;90&#8243; animation_easing=&#8221;default&#8221; heading_tag=&#8221;default&#8221; display_categories=&#8221;yes&#8221; category_functionality=&#8221;static&#8221; category_position=&#8221;default&#8221; category_style=&#8221;button&#8221; category_display=&#8221;default&#8221; display_excerpt=&#8221;yes&#8221; excerpt_display=&#8221;default&#8221; additional_meta_size=&#8221;default&#8221; grid_style=&#8221;content_under_image&#8221; card_design=&#8221;yes&#8221; card_bg_color=&#8221;#ffffff&#8221; content_under_image_text_align=&#8221;left&#8221; text_color=&#8221;dark&#8221; hover_effect=&#8221;slow_zoom&#8221; border_radius=&#8221;none&#8221; read_more_button=&#8221;yes&#8221; meta_visibility=&#8221;always&#8221; posts_per_page=&#8221;1000&#8243; display_type=&#8221;grid&#8221; custom_font_size=&#8221;26px&#8221; excerpt_length=&#8221;30&#8243;][\/vc_column][\/vc_row][vc_row type=&#8221;in_container&#8221; full_screen_row_position=&#8221;middle&#8221; column_margin=&#8221;default&#8221; column_direction=&#8221;default&#8221; column_direction_tablet=&#8221;default&#8221; column_direction_phone=&#8221;default&#8221; scene_position=&#8221;center&#8221; text_color=&#8221;dark&#8221; text_align=&#8221;left&#8221; row_border_radius=&#8221;none&#8221; row_border_radius_applies=&#8221;bg&#8221; overflow=&#8221;visible&#8221; disable_element=&#8221;yes&#8221; overlay_strength=&#8221;0.3&#8243; gradient_direction=&#8221;left_to_right&#8221; shape_divider_position=&#8221;bottom&#8221; bg_image_animation=&#8221;none&#8221; gradient_type=&#8221;default&#8221; shape_type=&#8221;&#8221;][vc_column column_padding=&#8221;no-extra-padding&#8221; column_padding_tablet=&#8221;inherit&#8221; column_padding_phone=&#8221;inherit&#8221; column_padding_position=&#8221;all&#8221; column_element_direction_desktop=&#8221;default&#8221; column_element_spacing=&#8221;default&#8221; desktop_text_alignment=&#8221;default&#8221; tablet_text_alignment=&#8221;default&#8221; phone_text_alignment=&#8221;default&#8221; background_color_opacity=&#8221;1&#8243; background_hover_color_opacity=&#8221;1&#8243; column_backdrop_filter=&#8221;none&#8221; column_shadow=&#8221;none&#8221; column_border_radius=&#8221;none&#8221; column_link_target=&#8221;_self&#8221; column_position=&#8221;default&#8221; gradient_direction=&#8221;left_to_right&#8221; overlay_strength=&#8221;0.3&#8243; width=&#8221;1\/1&#8243; tablet_width_inherit=&#8221;default&#8221; animation_type=&#8221;default&#8221; bg_image_animation=&#8221;none&#8221; border_type=&#8221;simple&#8221; column_border_width=&#8221;none&#8221; column_border_style=&#8221;solid&#8221;][nectar_global_section id=&#8221;6339&#8243;][\/vc_column][\/vc_row]\n","protected":false},"excerpt":{"rendered":"<p>[vc_row type=&#8221;full_width_background&#8221; full_screen_row_position=&#8221;middle&#8221; column_margin=&#8221;default&#8221; column_direction=&#8221;default&#8221; column_direction_tablet=&#8221;default&#8221; column_direction_phone=&#8221;default&#8221; bg_color=&#8221;#002d72&#8243; scene_position=&#8221;center&#8221; top_padding=&#8221;10%&#8221; constrain_group_1=&#8221;yes&#8221; bottom_padding=&#8221;10%&#8221; text_color=&#8221;light&#8221; text_align=&#8221;left&#8221; row_border_radius=&#8221;none&#8221; row_border_radius_applies=&#8221;bg&#8221; overflow=&#8221;visible&#8221; advanced_gradient_angle=&#8221;0&#8243; overlay_strength=&#8221;0.3&#8243; gradient_direction=&#8221;left_to_right&#8221; shape_divider_position=&#8221;bottom&#8221; bg_image_animation=&#8221;none&#8221; gradient_type=&#8221;default&#8221; shape_type=&#8221;&#8221;][vc_column column_padding=&#8221;no-extra-padding&#8221; column_padding_tablet=&#8221;inherit&#8221; column_padding_phone=&#8221;inherit&#8221; column_padding_position=&#8221;all&#8221; column_element_direction_desktop=&#8221;default&#8221; column_element_spacing=&#8221;default&#8221;&#8230;<\/p>\n","protected":false},"author":1,"featured_media":12223,"parent":0,"menu_order":0,"comment_status":"closed","ping_status":"closed","template":"","meta":{"inline_featured_image":false,"footnotes":""},"class_list":["post-6250","page","type-page","status-publish","has-post-thumbnail"],"_wp_attachment_metadata":null,"_yoast_wpseo_meta-robots-noindex":null,"_yoast_wpseo_meta-robots-nofollow":null,"Language":null,"Lang":null,"_yoast_wpseo_title":"HR & Ledarskap Webinar | Heartpace","_yoast_wpseo_metadesc":"Anm\u00e4l dig till v\u00e5ra kommande webinar och ta del av intressanta \u00e4mnen inom HR & Ledarskap","yoast_head":"<!-- This site is optimized with the Yoast SEO plugin v26.1.1 - https:\/\/yoast.com\/wordpress\/plugins\/seo\/ -->\n<title>HR &amp; Ledarskap Webinar | Heartpace<\/title>\n<meta name=\"description\" content=\"Anm\u00e4l dig till v\u00e5ra kommande webinar och ta del av intressanta \u00e4mnen inom HR &amp; Ledarskap\" \/>\n<meta name=\"robots\" content=\"index, follow, max-snippet:-1, max-image-preview:large, max-video-preview:-1\" \/>\n<link rel=\"canonical\" href=\"https:\/\/heartpace.com\/sv\/webinar\/\" \/>\n<meta property=\"og:locale\" content=\"sv_SE\" \/>\n<meta property=\"og:type\" content=\"article\" \/>\n<meta property=\"og:title\" content=\"HR &amp; Ledarskap Webinar | Heartpace\" \/>\n<meta property=\"og:description\" content=\"Anm\u00e4l dig till v\u00e5ra kommande webinar och ta del av intressanta \u00e4mnen inom HR &amp; Ledarskap\" \/>\n<meta property=\"og:url\" content=\"https:\/\/heartpace.com\/sv\/webinar\/\" \/>\n<meta property=\"og:site_name\" content=\"Heartpace\" \/>\n<meta property=\"article:modified_time\" content=\"2026-03-10T12:48:33+00:00\" \/>\n<meta property=\"og:image\" content=\"https:\/\/heartpace.com\/wp-content\/uploads\/2025\/02\/featured.png\" \/>\n\t<meta property=\"og:image:width\" content=\"1800\" \/>\n\t<meta property=\"og:image:height\" content=\"900\" \/>\n\t<meta property=\"og:image:type\" content=\"image\/png\" \/>\n<meta name=\"twitter:card\" content=\"summary_large_image\" \/>\n<meta name=\"twitter:label1\" content=\"Ber\u00e4knad l\u00e4stid\" \/>\n\t<meta name=\"twitter:data1\" content=\"1 minut\" \/>\n<script type=\"application\/ld+json\" class=\"yoast-schema-graph\">{\"@context\":\"https:\/\/schema.org\",\"@graph\":[{\"@type\":\"WebPage\",\"@id\":\"https:\/\/heartpace.com\/sv\/webinar\/\",\"url\":\"https:\/\/heartpace.com\/sv\/webinar\/\",\"name\":\"HR & Ledarskap Webinar | Heartpace\",\"isPartOf\":{\"@id\":\"https:\/\/promo.heartpace.com\/sv\/#website\"},\"primaryImageOfPage\":{\"@id\":\"https:\/\/heartpace.com\/sv\/webinar\/#primaryimage\"},\"image\":{\"@id\":\"https:\/\/heartpace.com\/sv\/webinar\/#primaryimage\"},\"thumbnailUrl\":\"https:\/\/heartpace.com\/wp-content\/uploads\/2025\/02\/featured.png\",\"datePublished\":\"2023-10-18T10:02:30+00:00\",\"dateModified\":\"2026-03-10T12:48:33+00:00\",\"description\":\"Anm\u00e4l dig till v\u00e5ra kommande webinar och ta del av intressanta \u00e4mnen inom HR & Ledarskap\",\"breadcrumb\":{\"@id\":\"https:\/\/heartpace.com\/sv\/webinar\/#breadcrumb\"},\"inLanguage\":\"sv-SE\",\"potentialAction\":[{\"@type\":\"ReadAction\",\"target\":[\"https:\/\/heartpace.com\/sv\/webinar\/\"]}]},{\"@type\":\"ImageObject\",\"inLanguage\":\"sv-SE\",\"@id\":\"https:\/\/heartpace.com\/sv\/webinar\/#primaryimage\",\"url\":\"https:\/\/heartpace.com\/wp-content\/uploads\/2025\/02\/featured.png\",\"contentUrl\":\"https:\/\/heartpace.com\/wp-content\/uploads\/2025\/02\/featured.png\",\"width\":1800,\"height\":900},{\"@type\":\"BreadcrumbList\",\"@id\":\"https:\/\/heartpace.com\/sv\/webinar\/#breadcrumb\",\"itemListElement\":[{\"@type\":\"ListItem\",\"position\":1,\"name\":\"Home\",\"item\":\"https:\/\/heartpace.com\/sv\/\"},{\"@type\":\"ListItem\",\"position\":2,\"name\":\"A_Webinar_SV_Heartpace\"}]},{\"@type\":\"WebSite\",\"@id\":\"https:\/\/promo.heartpace.com\/sv\/#website\",\"url\":\"https:\/\/promo.heartpace.com\/sv\/\",\"name\":\"Heartpace\",\"description\":\"\",\"potentialAction\":[{\"@type\":\"SearchAction\",\"target\":{\"@type\":\"EntryPoint\",\"urlTemplate\":\"https:\/\/promo.heartpace.com\/sv\/?s={search_term_string}\"},\"query-input\":{\"@type\":\"PropertyValueSpecification\",\"valueRequired\":true,\"valueName\":\"search_term_string\"}}],\"inLanguage\":\"sv-SE\"}]}<\/script>\n<!-- \/ Yoast SEO plugin. -->","yoast_head_json":{"title":"HR & Ledarskap Webinar | Heartpace","description":"Anm\u00e4l dig till v\u00e5ra kommande webinar och ta del av intressanta \u00e4mnen inom HR & Ledarskap","robots":{"index":"index","follow":"follow","max-snippet":"max-snippet:-1","max-image-preview":"max-image-preview:large","max-video-preview":"max-video-preview:-1"},"canonical":"https:\/\/heartpace.com\/sv\/webinar\/","og_locale":"sv_SE","og_type":"article","og_title":"HR & Ledarskap Webinar | Heartpace","og_description":"Anm\u00e4l dig till v\u00e5ra kommande webinar och ta del av intressanta \u00e4mnen inom HR & Ledarskap","og_url":"https:\/\/heartpace.com\/sv\/webinar\/","og_site_name":"Heartpace","article_modified_time":"2026-03-10T12:48:33+00:00","og_image":[{"width":1800,"height":900,"url":"https:\/\/heartpace.com\/wp-content\/uploads\/2025\/02\/featured.png","type":"image\/png"}],"twitter_card":"summary_large_image","twitter_misc":{"Ber\u00e4knad l\u00e4stid":"1 minut"},"schema":{"@context":"https:\/\/schema.org","@graph":[{"@type":"WebPage","@id":"https:\/\/heartpace.com\/sv\/webinar\/","url":"https:\/\/heartpace.com\/sv\/webinar\/","name":"HR & Ledarskap Webinar | Heartpace","isPartOf":{"@id":"https:\/\/promo.heartpace.com\/sv\/#website"},"primaryImageOfPage":{"@id":"https:\/\/heartpace.com\/sv\/webinar\/#primaryimage"},"image":{"@id":"https:\/\/heartpace.com\/sv\/webinar\/#primaryimage"},"thumbnailUrl":"https:\/\/heartpace.com\/wp-content\/uploads\/2025\/02\/featured.png","datePublished":"2023-10-18T10:02:30+00:00","dateModified":"2026-03-10T12:48:33+00:00","description":"Anm\u00e4l dig till v\u00e5ra kommande webinar och ta del av intressanta \u00e4mnen inom HR & Ledarskap","breadcrumb":{"@id":"https:\/\/heartpace.com\/sv\/webinar\/#breadcrumb"},"inLanguage":"sv-SE","potentialAction":[{"@type":"ReadAction","target":["https:\/\/heartpace.com\/sv\/webinar\/"]}]},{"@type":"ImageObject","inLanguage":"sv-SE","@id":"https:\/\/heartpace.com\/sv\/webinar\/#primaryimage","url":"https:\/\/heartpace.com\/wp-content\/uploads\/2025\/02\/featured.png","contentUrl":"https:\/\/heartpace.com\/wp-content\/uploads\/2025\/02\/featured.png","width":1800,"height":900},{"@type":"BreadcrumbList","@id":"https:\/\/heartpace.com\/sv\/webinar\/#breadcrumb","itemListElement":[{"@type":"ListItem","position":1,"name":"Home","item":"https:\/\/heartpace.com\/sv\/"},{"@type":"ListItem","position":2,"name":"A_Webinar_SV_Heartpace"}]},{"@type":"WebSite","@id":"https:\/\/promo.heartpace.com\/sv\/#website","url":"https:\/\/promo.heartpace.com\/sv\/","name":"Heartpace","description":"","potentialAction":[{"@type":"SearchAction","target":{"@type":"EntryPoint","urlTemplate":"https:\/\/promo.heartpace.com\/sv\/?s={search_term_string}"},"query-input":{"@type":"PropertyValueSpecification","valueRequired":true,"valueName":"search_term_string"}}],"inLanguage":"sv-SE"}]}},"_links":{"self":[{"href":"https:\/\/heartpace.com\/sv\/wp-json\/wp\/v2\/pages\/6250","targetHints":{"allow":["GET"]}}],"collection":[{"href":"https:\/\/heartpace.com\/sv\/wp-json\/wp\/v2\/pages"}],"about":[{"href":"https:\/\/heartpace.com\/sv\/wp-json\/wp\/v2\/types\/page"}],"author":[{"embeddable":true,"href":"https:\/\/heartpace.com\/sv\/wp-json\/wp\/v2\/users\/1"}],"replies":[{"embeddable":true,"href":"https:\/\/heartpace.com\/sv\/wp-json\/wp\/v2\/comments?post=6250"}],"version-history":[{"count":19,"href":"https:\/\/heartpace.com\/sv\/wp-json\/wp\/v2\/pages\/6250\/revisions"}],"predecessor-version":[{"id":26591,"href":"https:\/\/heartpace.com\/sv\/wp-json\/wp\/v2\/pages\/6250\/revisions\/26591"}],"wp:featuredmedia":[{"embeddable":true,"href":"https:\/\/heartpace.com\/sv\/wp-json\/wp\/v2\/media\/12223"}],"wp:attachment":[{"href":"https:\/\/heartpace.com\/sv\/wp-json\/wp\/v2\/media?parent=6250"}],"curies":[{"name":"wp","href":"https:\/\/api.w.org\/{rel}","templated":true}]}}